{"id":428,"date":"2022-05-18T15:09:15","date_gmt":"2022-05-18T15:09:15","guid":{"rendered":"https:\/\/svarea.com\/?page_id=428"},"modified":"2023-10-01T15:21:41","modified_gmt":"2023-10-01T15:21:41","slug":"carre","status":"publish","type":"page","link":"https:\/\/svarea.com\/?page_id=428","title":{"rendered":"Va(l\u00e8ncia) de B\u00f3!"},"content":{"rendered":"\t\t<div data-elementor-type=\"wp-page\" data-elementor-id=\"428\" class=\"elementor elementor-428\">\n\t\t\t\t\t\t\t\t\t<section class=\"elementor-section elementor-top-section elementor-element elementor-element-293d196 elementor-section-boxed elementor-section-height-default elementor-section-height-default qodef-elementor-content-no\" data-id=\"293d196\" data-element_type=\"section\">\n\t\t\t\t\t\t<div class=\"elementor-container elementor-column-gap-default\">\n\t\t\t\t\t<div class=\"elementor-column elementor-col-50 elementor-top-column elementor-element elementor-element-b88c83c\" data-id=\"b88c83c\" data-element_type=\"column\">\n\t\t\t<div class=\"elementor-widget-wrap elementor-element-populated\">\n\t\t\t\t\t\t\t\t<div class=\"elementor-element elementor-element-f74d334 elementor-widget elementor-widget-text-editor\" data-id=\"f74d334\" data-element_type=\"widget\" data-widget_type=\"text-editor.default\">\n\t\t\t\t<div class=\"elementor-widget-container\">\n\t\t\t<style>\/*! elementor - v3.16.0 - 20-09-2023 *\/\n.elementor-widget-text-editor.elementor-drop-cap-view-stacked .elementor-drop-cap{background-color:#69727d;color:#fff}.elementor-widget-text-editor.elementor-drop-cap-view-framed .elementor-drop-cap{color:#69727d;border:3px solid;background-color:transparent}.elementor-widget-text-editor:not(.elementor-drop-cap-view-default) .elementor-drop-cap{margin-top:8px}.elementor-widget-text-editor:not(.elementor-drop-cap-view-default) .elementor-drop-cap-letter{width:1em;height:1em}.elementor-widget-text-editor .elementor-drop-cap{float:left;text-align:center;line-height:1;font-size:50px}.elementor-widget-text-editor .elementor-drop-cap-letter{display:inline-block}<\/style>\t\t\t\t<h2 style=\"font-family: Roboto, sans-serif;\"><span style=\"font-family: var( --e-global-typography-text-font-family ), Sans-serif;\"><span style=\"color: #000000;\"><b>Va(l\u00e8ncia) de B\u00f3!<\/b><\/span><\/span><\/h2><h1 style=\"font-family: Roboto, sans-serif;\"><strong><span style=\"color: #4a4a4a; font-family: var( --e-global-typography-text-font-family ), Sans-serif; font-size: 1rem;\">Con Irene Luj\u00e1n<\/span><\/strong><\/h1><h2 style=\"font-family: Roboto, sans-serif;\"><span style=\"font-family: var( --e-global-typography-text-font-family ), Sans-serif; font-weight: var( --e-global-typography-text-font-weight ); font-size: 16px;\"><span style=\"color: #4a4a4a;\">Propuesta para Valencia Word Design Capital 2022<\/span><\/span><\/h2><p class=\"has-small-font-size\">La pilota valenciana ha sido el deporte rey de la ciudad del Turia durante\u00a0muchos siglos, encontr\u00e1ndose ahora en un momento de recuperaci\u00f3n\u00a0y de reivindicaci\u00f3n, debido a esto se presenta una instalaci\u00f3n temporal\u00a0para volver a visibilizar este deporte en la ciudad.<\/p><p class=\"has-small-font-size\">Esta instalaci\u00f3n nace con el objetivo de dar a conocer los diferentes\u00a0\u201ctrinquets de pilota\u201d que existieron en Valencia en \u00e9poca medieval -tanto\u00a0los que eran de uso p\u00fablico como los privados- mediante la realizaci\u00f3n\u00a0de estructuras desmontables de madera laminada encolada con\u00a0b\u00f3vedas de tela, que se situar\u00edan en las diferentes calles donde existi\u00f3 hist\u00f3ricamente una cancha de este juego. Estas estructuras se pueden\u00a0ajustar al ancho de la calle y a las posibilidades de altura de cada una de las v\u00edas p\u00fablicas donde se colocar\u00eda, permitiendo mucha versatilidad de\u00a0montaje y colocaci\u00f3n.<\/p><p class=\"has-small-font-size\">Adem\u00e1s, durante el tiempo que permanezca la instalaci\u00f3n, se podr\u00e1n realizar charlas o partidas de diferentes modalidades de juego -escala\u00a0i corda, galotxa, raspall&#8230;- en estos espacios. Asimismo, servir\u00e1 para el\u00a0desarrollo de una ciudad sostenible y en el bienestar de sus ciudadanos,\u00a0con el desarrollo de los ODS 3,4,5,9 y 11 alineados con los objetivos de\u00a0la capitalidad. Por tanto, se visibilizar\u00e1 el deporte desde, entre otros, la\u00a0historia, la innovaci\u00f3n y el dise\u00f1o.<\/p>\t\t\t\t\t\t<\/div>\n\t\t\t\t<\/div>\n\t\t\t\t\t<\/div>\n\t\t<\/div>\n\t\t\t\t<div class=\"elementor-column elementor-col-50 elementor-top-column elementor-element elementor-element-aa57c47\" data-id=\"aa57c47\" data-element_type=\"column\">\n\t\t\t<div class=\"elementor-widget-wrap elementor-element-populated\">\n\t\t\t\t\t\t\t\t<div class=\"elementor-element elementor-element-cc29a56 elementor-widget elementor-widget-image\" data-id=\"cc29a56\" data-element_type=\"widget\" data-widget_type=\"image.default\">\n\t\t\t\t<div class=\"elementor-widget-container\">\n\t\t\t<style>\/*! elementor - v3.16.0 - 20-09-2023 *\/\n.elementor-widget-image{text-align:center}.elementor-widget-image a{display:inline-block}.elementor-widget-image a img[src$=\".svg\"]{width:48px}.elementor-widget-image img{vertical-align:middle;display:inline-block}<\/style>\t\t\t\t\t\t\t\t\t<figure class=\"wp-caption\">\n\t\t\t\t\t\t\t\t\t\t<img decoding=\"async\" loading=\"lazy\" width=\"370\" height=\"370\" src=\"https:\/\/svarea.com\/wp-content\/uploads\/2022\/05\/formato-cuadrat-copia.jpg\" class=\"attachment-2048x2048 size-2048x2048 wp-image-434\" alt=\"\" srcset=\"https:\/\/svarea.com\/wp-content\/uploads\/2022\/05\/formato-cuadrat-copia.jpg 370w, https:\/\/svarea.com\/wp-content\/uploads\/2022\/05\/formato-cuadrat-copia-300x300.jpg 300w, https:\/\/svarea.com\/wp-content\/uploads\/2022\/05\/formato-cuadrat-copia-150x150.jpg 150w\" sizes=\"(max-width: 370px) 100vw, 370px\" \/>\t\t\t\t\t\t\t\t\t\t\t<figcaption class=\"widget-image-caption wp-caption-text\"><\/figcaption>\n\t\t\t\t\t\t\t\t\t\t<\/figure>\n\t\t\t\t\t\t\t\t\t<\/div>\n\t\t\t\t<\/div>\n\t\t\t\t\t<\/div>\n\t\t<\/div>\n\t\t\t\t\t\t\t<\/div>\n\t\t<\/section>\n\t\t\t\t<section class=\"elementor-section elementor-top-section elementor-element elementor-element-75c759d elementor-section-boxed elementor-section-height-default elementor-section-height-default qodef-elementor-content-no\" data-id=\"75c759d\" data-element_type=\"section\">\n\t\t\t\t\t\t<div class=\"elementor-container elementor-column-gap-default\">\n\t\t\t\t\t<div class=\"elementor-column elementor-col-100 elementor-top-column elementor-element elementor-element-45ce7e3\" data-id=\"45ce7e3\" data-element_type=\"column\">\n\t\t\t<div class=\"elementor-widget-wrap elementor-element-populated\">\n\t\t\t\t\t\t\t\t<div class=\"elementor-element elementor-element-7d94d0f elementor-widget elementor-widget-image-gallery\" data-id=\"7d94d0f\" data-element_type=\"widget\" data-widget_type=\"image-gallery.default\">\n\t\t\t\t<div class=\"elementor-widget-container\">\n\t\t\t<style>\/*! elementor - v3.16.0 - 20-09-2023 *\/\n.elementor-image-gallery .gallery-item{display:inline-block;text-align:center;vertical-align:top;width:100%;max-width:100%;margin:0 auto}.elementor-image-gallery .gallery-item img{margin:0 auto}.elementor-image-gallery .gallery-item .gallery-caption{margin:0}.elementor-image-gallery figure img{display:block}.elementor-image-gallery figure figcaption{width:100%}.gallery-spacing-custom .elementor-image-gallery .gallery-icon{padding:0}@media (min-width:768px){.elementor-image-gallery .gallery-columns-2 .gallery-item{max-width:50%}.elementor-image-gallery .gallery-columns-3 .gallery-item{max-width:33.33%}.elementor-image-gallery .gallery-columns-4 .gallery-item{max-width:25%}.elementor-image-gallery .gallery-columns-5 .gallery-item{max-width:20%}.elementor-image-gallery .gallery-columns-6 .gallery-item{max-width:16.666%}.elementor-image-gallery .gallery-columns-7 .gallery-item{max-width:14.28%}.elementor-image-gallery .gallery-columns-8 .gallery-item{max-width:12.5%}.elementor-image-gallery .gallery-columns-9 .gallery-item{max-width:11.11%}.elementor-image-gallery .gallery-columns-10 .gallery-item{max-width:10%}}@media (min-width:480px) and (max-width:767px){.elementor-image-gallery .gallery.gallery-columns-2 .gallery-item,.elementor-image-gallery .gallery.gallery-columns-3 .gallery-item,.elementor-image-gallery .gallery.gallery-columns-4 .gallery-item,.elementor-image-gallery .gallery.gallery-columns-5 .gallery-item,.elementor-image-gallery .gallery.gallery-columns-6 .gallery-item,.elementor-image-gallery .gallery.gallery-columns-7 .gallery-item,.elementor-image-gallery .gallery.gallery-columns-8 .gallery-item,.elementor-image-gallery .gallery.gallery-columns-9 .gallery-item,.elementor-image-gallery .gallery.gallery-columns-10 .gallery-item{max-width:50%}}@media (max-width:479px){.elementor-image-gallery .gallery.gallery-columns-2 .gallery-item,.elementor-image-gallery .gallery.gallery-columns-3 .gallery-item,.elementor-image-gallery .gallery.gallery-columns-4 .gallery-item,.elementor-image-gallery .gallery.gallery-columns-5 .gallery-item,.elementor-image-gallery .gallery.gallery-columns-6 .gallery-item,.elementor-image-gallery .gallery.gallery-columns-7 .gallery-item,.elementor-image-gallery .gallery.gallery-columns-8 .gallery-item,.elementor-image-gallery .gallery.gallery-columns-9 .gallery-item,.elementor-image-gallery .gallery.gallery-columns-10 .gallery-item{max-width:100%}}<\/style>\t\t<div class=\"elementor-image-gallery\">\n\t\t\t\n\t\t<style type=\"text\/css\">\n\t\t\t#gallery-1 {\n\t\t\t\tmargin: auto;\n\t\t\t}\n\t\t\t#gallery-1 .gallery-item {\n\t\t\t\tfloat: left;\n\t\t\t\tmargin-top: 10px;\n\t\t\t\ttext-align: center;\n\t\t\t\twidth: 100%;\n\t\t\t}\n\t\t\t#gallery-1 img {\n\t\t\t\tborder: 2px solid #cfcfcf;\n\t\t\t}\n\t\t\t#gallery-1 .gallery-caption {\n\t\t\t\tmargin-left: 0;\n\t\t\t}\n\t\t\t\/* see gallery_shortcode() in wp-includes\/media.php *\/\n\t\t<\/style>\n\t\t<div id='gallery-1' class='gallery galleryid-428 gallery-columns-1 gallery-size-full'><dl class='gallery-item'>\n\t\t\t<dt class='gallery-icon landscape'>\n\t\t\t\t<a data-elementor-open-lightbox=\"yes\" data-elementor-lightbox-slideshow=\"7d94d0f\" data-elementor-lightbox-title=\"PANEL_VA(L\u00c8NCIA) DE BO!\" data-e-action-hash=\"#elementor-action%3Aaction%3Dlightbox%26settings%3DeyJpZCI6NDM1LCJ1cmwiOiJodHRwczpcL1wvc3ZhcmVhLmNvbVwvd3AtY29udGVudFwvdXBsb2Fkc1wvMjAyMlwvMDVcL1BBTkVMX1ZBTEVOQ0lBLURFLUJPLXNjYWxlZC5qcGciLCJzbGlkZXNob3ciOiI3ZDk0ZDBmIn0%3D\" href='https:\/\/svarea.com\/wp-content\/uploads\/2022\/05\/PANEL_VALENCIA-DE-BO-scaled.jpg'><img width=\"2560\" height=\"1491\" src=\"https:\/\/svarea.com\/wp-content\/uploads\/2022\/05\/PANEL_VALENCIA-DE-BO-scaled.jpg\" class=\"attachment-full size-full\" alt=\"\" decoding=\"async\" loading=\"lazy\" srcset=\"https:\/\/svarea.com\/wp-content\/uploads\/2022\/05\/PANEL_VALENCIA-DE-BO-scaled.jpg 2560w, https:\/\/svarea.com\/wp-content\/uploads\/2022\/05\/PANEL_VALENCIA-DE-BO-300x175.jpg 300w, https:\/\/svarea.com\/wp-content\/uploads\/2022\/05\/PANEL_VALENCIA-DE-BO-1024x596.jpg 1024w, https:\/\/svarea.com\/wp-content\/uploads\/2022\/05\/PANEL_VALENCIA-DE-BO-768x447.jpg 768w, https:\/\/svarea.com\/wp-content\/uploads\/2022\/05\/PANEL_VALENCIA-DE-BO-1536x895.jpg 1536w, https:\/\/svarea.com\/wp-content\/uploads\/2022\/05\/PANEL_VALENCIA-DE-BO-2048x1193.jpg 2048w\" sizes=\"(max-width: 2560px) 100vw, 2560px\" \/><\/a>\n\t\t\t<\/dt><\/dl><br style=\"clear: both\" \/><dl class='gallery-item'>\n\t\t\t<dt class='gallery-icon landscape'>\n\t\t\t\t<a data-elementor-open-lightbox=\"yes\" data-elementor-lightbox-slideshow=\"7d94d0f\" data-elementor-lightbox-title=\"Va de bo2\" data-e-action-hash=\"#elementor-action%3Aaction%3Dlightbox%26settings%3DeyJpZCI6NDM2LCJ1cmwiOiJodHRwczpcL1wvc3ZhcmVhLmNvbVwvd3AtY29udGVudFwvdXBsb2Fkc1wvMjAyMlwvMDVcL1ZhLWRlLWJvMi1zY2FsZWQuanBnIiwic2xpZGVzaG93IjoiN2Q5NGQwZiJ9\" href='https:\/\/svarea.com\/wp-content\/uploads\/2022\/05\/Va-de-bo2-scaled.jpg'><img width=\"2560\" height=\"1729\" src=\"https:\/\/svarea.com\/wp-content\/uploads\/2022\/05\/Va-de-bo2-scaled.jpg\" class=\"attachment-full size-full\" alt=\"\" decoding=\"async\" loading=\"lazy\" srcset=\"https:\/\/svarea.com\/wp-content\/uploads\/2022\/05\/Va-de-bo2-scaled.jpg 2560w, https:\/\/svarea.com\/wp-content\/uploads\/2022\/05\/Va-de-bo2-300x203.jpg 300w, https:\/\/svarea.com\/wp-content\/uploads\/2022\/05\/Va-de-bo2-1024x692.jpg 1024w, https:\/\/svarea.com\/wp-content\/uploads\/2022\/05\/Va-de-bo2-768x519.jpg 768w, https:\/\/svarea.com\/wp-content\/uploads\/2022\/05\/Va-de-bo2-1536x1038.jpg 1536w, https:\/\/svarea.com\/wp-content\/uploads\/2022\/05\/Va-de-bo2-2048x1384.jpg 2048w\" sizes=\"(max-width: 2560px) 100vw, 2560px\" \/><\/a>\n\t\t\t<\/dt><\/dl><br style=\"clear: both\" \/><dl class='gallery-item'>\n\t\t\t<dt class='gallery-icon landscape'>\n\t\t\t\t<a data-elementor-open-lightbox=\"yes\" data-elementor-lightbox-slideshow=\"7d94d0f\" data-elementor-lightbox-title=\"Va de bo3\" data-e-action-hash=\"#elementor-action%3Aaction%3Dlightbox%26settings%3DeyJpZCI6NDM3LCJ1cmwiOiJodHRwczpcL1wvc3ZhcmVhLmNvbVwvd3AtY29udGVudFwvdXBsb2Fkc1wvMjAyMlwvMDVcL1ZhLWRlLWJvMy1zY2FsZWQuanBnIiwic2xpZGVzaG93IjoiN2Q5NGQwZiJ9\" href='https:\/\/svarea.com\/wp-content\/uploads\/2022\/05\/Va-de-bo3-scaled.jpg'><img width=\"2560\" height=\"876\" src=\"https:\/\/svarea.com\/wp-content\/uploads\/2022\/05\/Va-de-bo3-scaled.jpg\" class=\"attachment-full size-full\" alt=\"\" decoding=\"async\" loading=\"lazy\" srcset=\"https:\/\/svarea.com\/wp-content\/uploads\/2022\/05\/Va-de-bo3-scaled.jpg 2560w, https:\/\/svarea.com\/wp-content\/uploads\/2022\/05\/Va-de-bo3-300x103.jpg 300w, https:\/\/svarea.com\/wp-content\/uploads\/2022\/05\/Va-de-bo3-1024x350.jpg 1024w, https:\/\/svarea.com\/wp-content\/uploads\/2022\/05\/Va-de-bo3-768x263.jpg 768w, https:\/\/svarea.com\/wp-content\/uploads\/2022\/05\/Va-de-bo3-1536x525.jpg 1536w, https:\/\/svarea.com\/wp-content\/uploads\/2022\/05\/Va-de-bo3-2048x701.jpg 2048w\" sizes=\"(max-width: 2560px) 100vw, 2560px\" \/><\/a>\n\t\t\t<\/dt><\/dl><br style=\"clear: both\" \/>\n\t\t<\/div>\n\t\t<\/div>\n\t\t\t\t<\/div>\n\t\t\t\t<\/div>\n\t\t\t\t\t<\/div>\n\t\t<\/div>\n\t\t\t\t\t\t\t<\/div>\n\t\t<\/section>\n\t\t\t\t\t\t\t<\/div>\n\t\t","protected":false},"excerpt":{"rendered":"<p>Va(l\u00e8ncia) de B\u00f3! Con Irene Luj\u00e1n Propuesta para Valencia Word Design Capital 2022 La pilota valenciana ha sido el deporte rey de la ciudad del Turia durante\u00a0muchos siglos, encontr\u00e1ndose ahora en un momento de recuperaci\u00f3n\u00a0y de reivindicaci\u00f3n, debido a esto se presenta una instalaci\u00f3n temporal\u00a0para volver a visibilizar este deporte en la ciudad. Esta instalaci\u00f3n [&hellip;]<\/p>\n","protected":false},"author":2,"featured_media":0,"parent":0,"menu_order":0,"comment_status":"closed","ping_status":"closed","template":"","meta":{"footnotes":""},"_links":{"self":[{"href":"https:\/\/svarea.com\/index.php?rest_route=\/wp\/v2\/pages\/428"}],"collection":[{"href":"https:\/\/svarea.com\/index.php?rest_route=\/wp\/v2\/pages"}],"about":[{"href":"https:\/\/svarea.com\/index.php?rest_route=\/wp\/v2\/types\/page"}],"author":[{"embeddable":true,"href":"https:\/\/svarea.com\/index.php?rest_route=\/wp\/v2\/users\/2"}],"replies":[{"embeddable":true,"href":"https:\/\/svarea.com\/index.php?rest_route=%2Fwp%2Fv2%2Fcomments&post=428"}],"version-history":[{"count":14,"href":"https:\/\/svarea.com\/index.php?rest_route=\/wp\/v2\/pages\/428\/revisions"}],"predecessor-version":[{"id":540,"href":"https:\/\/svarea.com\/index.php?rest_route=\/wp\/v2\/pages\/428\/revisions\/540"}],"wp:attachment":[{"href":"https:\/\/svarea.com\/index.php?rest_route=%2Fwp%2Fv2%2Fmedia&parent=428"}],"curies":[{"name":"wp","href":"https:\/\/api.w.org\/{rel}","templated":true}]}}