{"id":250,"date":"2022-04-18T17:17:19","date_gmt":"2022-04-18T17:17:19","guid":{"rendered":"https:\/\/svarea.com\/?page_id=250"},"modified":"2023-10-01T15:23:29","modified_gmt":"2023-10-01T15:23:29","slug":"rehabilitacion-el-teular","status":"publish","type":"page","link":"https:\/\/svarea.com\/?page_id=250","title":{"rendered":"Rehabilitaci\u00f3n El Teular"},"content":{"rendered":"\t\t<div data-elementor-type=\"wp-page\" data-elementor-id=\"250\" class=\"elementor elementor-250\">\n\t\t\t\t\t\t\t\t\t<section class=\"elementor-section elementor-top-section elementor-element elementor-element-981507b elementor-section-boxed elementor-section-height-default elementor-section-height-default qodef-elementor-content-no\" data-id=\"981507b\" data-element_type=\"section\">\n\t\t\t\t\t\t<div class=\"elementor-container elementor-column-gap-default\">\n\t\t\t\t\t<div class=\"elementor-column elementor-col-50 elementor-top-column elementor-element elementor-element-0f1a181\" data-id=\"0f1a181\" data-element_type=\"column\">\n\t\t\t<div class=\"elementor-widget-wrap elementor-element-populated\">\n\t\t\t\t\t\t\t\t<div class=\"elementor-element elementor-element-93dafa1 elementor-widget elementor-widget-image\" data-id=\"93dafa1\" data-element_type=\"widget\" data-widget_type=\"image.default\">\n\t\t\t\t<div class=\"elementor-widget-container\">\n\t\t\t<style>\/*! elementor - v3.16.0 - 20-09-2023 *\/\n.elementor-widget-image{text-align:center}.elementor-widget-image a{display:inline-block}.elementor-widget-image a img[src$=\".svg\"]{width:48px}.elementor-widget-image img{vertical-align:middle;display:inline-block}<\/style>\t\t\t\t\t\t\t\t\t\t\t\t<img decoding=\"async\" loading=\"lazy\" width=\"926\" height=\"922\" src=\"https:\/\/svarea.com\/wp-content\/uploads\/2022\/04\/Modulo-Historia.jpg\" class=\"attachment-large size-large wp-image-277\" alt=\"\" srcset=\"https:\/\/svarea.com\/wp-content\/uploads\/2022\/04\/Modulo-Historia.jpg 926w, https:\/\/svarea.com\/wp-content\/uploads\/2022\/04\/Modulo-Historia-300x300.jpg 300w, https:\/\/svarea.com\/wp-content\/uploads\/2022\/04\/Modulo-Historia-150x150.jpg 150w, https:\/\/svarea.com\/wp-content\/uploads\/2022\/04\/Modulo-Historia-768x765.jpg 768w\" sizes=\"(max-width: 926px) 100vw, 926px\" \/>\t\t\t\t\t\t\t\t\t\t\t\t\t\t\t<\/div>\n\t\t\t\t<\/div>\n\t\t\t\t\t<\/div>\n\t\t<\/div>\n\t\t\t\t<div class=\"elementor-column elementor-col-50 elementor-top-column elementor-element elementor-element-eeb4a2f\" data-id=\"eeb4a2f\" data-element_type=\"column\">\n\t\t\t<div class=\"elementor-widget-wrap elementor-element-populated\">\n\t\t\t\t\t\t\t\t<div class=\"elementor-element elementor-element-3c58017 elementor-widget elementor-widget-text-editor\" data-id=\"3c58017\" data-element_type=\"widget\" data-widget_type=\"text-editor.default\">\n\t\t\t\t<div class=\"elementor-widget-container\">\n\t\t\t<style>\/*! elementor - v3.16.0 - 20-09-2023 *\/\n.elementor-widget-text-editor.elementor-drop-cap-view-stacked .elementor-drop-cap{background-color:#69727d;color:#fff}.elementor-widget-text-editor.elementor-drop-cap-view-framed .elementor-drop-cap{color:#69727d;border:3px solid;background-color:transparent}.elementor-widget-text-editor:not(.elementor-drop-cap-view-default) .elementor-drop-cap{margin-top:8px}.elementor-widget-text-editor:not(.elementor-drop-cap-view-default) .elementor-drop-cap-letter{width:1em;height:1em}.elementor-widget-text-editor .elementor-drop-cap{float:left;text-align:center;line-height:1;font-size:50px}.elementor-widget-text-editor .elementor-drop-cap-letter{display:inline-block}<\/style>\t\t\t\t<h2 style=\"font-family: Roboto, sans-serif; color: #000000;\">Rehabilitaci\u00f3n El Teular<\/h2><p style=\"color: #4a4a4a;\">Trabajo acad\u00e9mico 2019.<\/p><p class=\"has-small-font-size\" style=\"font-size: var(--wp--preset--font-size--small) !important;\">El teular siempre ha sido un punto de referencia dentro del paisaje de Castalla, alej\u00e1ndose de la ya conocida vista del castillo para girar la mirada hacia el valle que se completa con las poblaciones de Ibi y Onil.<\/p><p class=\"has-small-font-size\" style=\"font-size: var(--wp--preset--font-size--small) !important;\">El proyecto trata m\u00e1s de interpretar que de reconstruir, intentando mantener parte de la esencia de la antigua f\u00e1brica, con algunos elementos diferenciados de los dem\u00e1s debido al paso del tiempo, que ha dejado una p\u00e1tina en el material.<\/p><p class=\"has-small-font-size\" style=\"font-size: var(--wp--preset--font-size--small) !important;\">Por tanto, se trabaja mediante el concepto del Collage, creando diferentes vol\u00famenes con una clara referencia a la cer\u00e1mica. Cada uno de estos peque\u00f1os edificios tiene un uso diverso, aunque solo pueden ser entendidos como un conjunto, ya que la relaci\u00f3n entre ellos, tanto espacial como conceptual, es vital para comprender el proyecto.<\/p>\t\t\t\t\t\t<\/div>\n\t\t\t\t<\/div>\n\t\t\t\t\t<\/div>\n\t\t<\/div>\n\t\t\t\t\t\t\t<\/div>\n\t\t<\/section>\n\t\t\t\t<section class=\"elementor-section elementor-top-section elementor-element elementor-element-554da46 elementor-section-boxed elementor-section-height-default elementor-section-height-default qodef-elementor-content-no\" data-id=\"554da46\" data-element_type=\"section\">\n\t\t\t\t\t\t<div class=\"elementor-container elementor-column-gap-default\">\n\t\t\t\t\t<div class=\"elementor-column elementor-col-100 elementor-top-column elementor-element elementor-element-3008aba\" data-id=\"3008aba\" data-element_type=\"column\">\n\t\t\t<div class=\"elementor-widget-wrap elementor-element-populated\">\n\t\t\t\t\t\t\t\t<div class=\"elementor-element elementor-element-4ebcad9 elementor-widget elementor-widget-image-gallery\" data-id=\"4ebcad9\" data-element_type=\"widget\" data-widget_type=\"image-gallery.default\">\n\t\t\t\t<div class=\"elementor-widget-container\">\n\t\t\t<style>\/*! elementor - v3.16.0 - 20-09-2023 *\/\n.elementor-image-gallery .gallery-item{display:inline-block;text-align:center;vertical-align:top;width:100%;max-width:100%;margin:0 auto}.elementor-image-gallery .gallery-item img{margin:0 auto}.elementor-image-gallery .gallery-item .gallery-caption{margin:0}.elementor-image-gallery figure img{display:block}.elementor-image-gallery figure figcaption{width:100%}.gallery-spacing-custom .elementor-image-gallery .gallery-icon{padding:0}@media (min-width:768px){.elementor-image-gallery .gallery-columns-2 .gallery-item{max-width:50%}.elementor-image-gallery .gallery-columns-3 .gallery-item{max-width:33.33%}.elementor-image-gallery .gallery-columns-4 .gallery-item{max-width:25%}.elementor-image-gallery .gallery-columns-5 .gallery-item{max-width:20%}.elementor-image-gallery .gallery-columns-6 .gallery-item{max-width:16.666%}.elementor-image-gallery .gallery-columns-7 .gallery-item{max-width:14.28%}.elementor-image-gallery .gallery-columns-8 .gallery-item{max-width:12.5%}.elementor-image-gallery .gallery-columns-9 .gallery-item{max-width:11.11%}.elementor-image-gallery .gallery-columns-10 .gallery-item{max-width:10%}}@media (min-width:480px) and (max-width:767px){.elementor-image-gallery .gallery.gallery-columns-2 .gallery-item,.elementor-image-gallery .gallery.gallery-columns-3 .gallery-item,.elementor-image-gallery .gallery.gallery-columns-4 .gallery-item,.elementor-image-gallery .gallery.gallery-columns-5 .gallery-item,.elementor-image-gallery .gallery.gallery-columns-6 .gallery-item,.elementor-image-gallery .gallery.gallery-columns-7 .gallery-item,.elementor-image-gallery .gallery.gallery-columns-8 .gallery-item,.elementor-image-gallery .gallery.gallery-columns-9 .gallery-item,.elementor-image-gallery .gallery.gallery-columns-10 .gallery-item{max-width:50%}}@media (max-width:479px){.elementor-image-gallery .gallery.gallery-columns-2 .gallery-item,.elementor-image-gallery .gallery.gallery-columns-3 .gallery-item,.elementor-image-gallery .gallery.gallery-columns-4 .gallery-item,.elementor-image-gallery .gallery.gallery-columns-5 .gallery-item,.elementor-image-gallery .gallery.gallery-columns-6 .gallery-item,.elementor-image-gallery .gallery.gallery-columns-7 .gallery-item,.elementor-image-gallery .gallery.gallery-columns-8 .gallery-item,.elementor-image-gallery .gallery.gallery-columns-9 .gallery-item,.elementor-image-gallery .gallery.gallery-columns-10 .gallery-item{max-width:100%}}<\/style>\t\t<div class=\"elementor-image-gallery\">\n\t\t\t\n\t\t<style type=\"text\/css\">\n\t\t\t#gallery-1 {\n\t\t\t\tmargin: auto;\n\t\t\t}\n\t\t\t#gallery-1 .gallery-item {\n\t\t\t\tfloat: left;\n\t\t\t\tmargin-top: 10px;\n\t\t\t\ttext-align: center;\n\t\t\t\twidth: 100%;\n\t\t\t}\n\t\t\t#gallery-1 img {\n\t\t\t\tborder: 2px solid #cfcfcf;\n\t\t\t}\n\t\t\t#gallery-1 .gallery-caption {\n\t\t\t\tmargin-left: 0;\n\t\t\t}\n\t\t\t\/* see gallery_shortcode() in wp-includes\/media.php *\/\n\t\t<\/style>\n\t\t<div id='gallery-1' class='gallery galleryid-250 gallery-columns-1 gallery-size-full'><dl class='gallery-item'>\n\t\t\t<dt class='gallery-icon landscape'>\n\t\t\t\t<a data-elementor-open-lightbox=\"yes\" data-elementor-lightbox-slideshow=\"4ebcad9\" data-elementor-lightbox-title=\"nave produccion\" data-e-action-hash=\"#elementor-action%3Aaction%3Dlightbox%26settings%3DeyJpZCI6MjgyLCJ1cmwiOiJodHRwczpcL1wvc3ZhcmVhLmNvbVwvd3AtY29udGVudFwvdXBsb2Fkc1wvMjAyMlwvMDRcL25hdmUtcHJvZHVjY2lvbi5qcGciLCJzbGlkZXNob3ciOiI0ZWJjYWQ5In0%3D\" href='https:\/\/svarea.com\/wp-content\/uploads\/2022\/04\/nave-produccion.jpg'><img width=\"1163\" height=\"1026\" src=\"https:\/\/svarea.com\/wp-content\/uploads\/2022\/04\/nave-produccion.jpg\" class=\"attachment-full size-full\" alt=\"\" decoding=\"async\" loading=\"lazy\" srcset=\"https:\/\/svarea.com\/wp-content\/uploads\/2022\/04\/nave-produccion.jpg 1163w, https:\/\/svarea.com\/wp-content\/uploads\/2022\/04\/nave-produccion-300x265.jpg 300w, https:\/\/svarea.com\/wp-content\/uploads\/2022\/04\/nave-produccion-1024x903.jpg 1024w, https:\/\/svarea.com\/wp-content\/uploads\/2022\/04\/nave-produccion-768x678.jpg 768w\" sizes=\"(max-width: 1163px) 100vw, 1163px\" \/><\/a>\n\t\t\t<\/dt><\/dl><br style=\"clear: both\" \/><dl class='gallery-item'>\n\t\t\t<dt class='gallery-icon landscape'>\n\t\t\t\t<a data-elementor-open-lightbox=\"yes\" data-elementor-lightbox-slideshow=\"4ebcad9\" data-elementor-lightbox-title=\"Umbral\" data-e-action-hash=\"#elementor-action%3Aaction%3Dlightbox%26settings%3DeyJpZCI6MjgxLCJ1cmwiOiJodHRwczpcL1wvc3ZhcmVhLmNvbVwvd3AtY29udGVudFwvdXBsb2Fkc1wvMjAyMlwvMDRcL1VtYnJhbC5qcGciLCJzbGlkZXNob3ciOiI0ZWJjYWQ5In0%3D\" href='https:\/\/svarea.com\/wp-content\/uploads\/2022\/04\/Umbral.jpg'><img width=\"709\" height=\"709\" src=\"https:\/\/svarea.com\/wp-content\/uploads\/2022\/04\/Umbral.jpg\" class=\"attachment-full size-full\" alt=\"\" decoding=\"async\" loading=\"lazy\" srcset=\"https:\/\/svarea.com\/wp-content\/uploads\/2022\/04\/Umbral.jpg 709w, https:\/\/svarea.com\/wp-content\/uploads\/2022\/04\/Umbral-300x300.jpg 300w, https:\/\/svarea.com\/wp-content\/uploads\/2022\/04\/Umbral-150x150.jpg 150w, https:\/\/svarea.com\/wp-content\/uploads\/2022\/04\/Umbral-650x650.jpg 650w\" sizes=\"(max-width: 709px) 100vw, 709px\" \/><\/a>\n\t\t\t<\/dt><\/dl><br style=\"clear: both\" \/><dl class='gallery-item'>\n\t\t\t<dt class='gallery-icon landscape'>\n\t\t\t\t<a data-elementor-open-lightbox=\"yes\" data-elementor-lightbox-slideshow=\"4ebcad9\" data-elementor-lightbox-title=\"Historia Exterior\" data-e-action-hash=\"#elementor-action%3Aaction%3Dlightbox%26settings%3DeyJpZCI6Mjc5LCJ1cmwiOiJodHRwczpcL1wvc3ZhcmVhLmNvbVwvd3AtY29udGVudFwvdXBsb2Fkc1wvMjAyMlwvMDRcL0hpc3RvcmlhLUV4dGVyaW9yLmpwZyIsInNsaWRlc2hvdyI6IjRlYmNhZDkifQ%3D%3D\" href='https:\/\/svarea.com\/wp-content\/uploads\/2022\/04\/Historia-Exterior.jpg'><img width=\"838\" height=\"838\" src=\"https:\/\/svarea.com\/wp-content\/uploads\/2022\/04\/Historia-Exterior.jpg\" class=\"attachment-full size-full\" alt=\"\" decoding=\"async\" loading=\"lazy\" srcset=\"https:\/\/svarea.com\/wp-content\/uploads\/2022\/04\/Historia-Exterior.jpg 838w, https:\/\/svarea.com\/wp-content\/uploads\/2022\/04\/Historia-Exterior-300x300.jpg 300w, https:\/\/svarea.com\/wp-content\/uploads\/2022\/04\/Historia-Exterior-150x150.jpg 150w, https:\/\/svarea.com\/wp-content\/uploads\/2022\/04\/Historia-Exterior-768x768.jpg 768w, https:\/\/svarea.com\/wp-content\/uploads\/2022\/04\/Historia-Exterior-650x650.jpg 650w\" sizes=\"(max-width: 838px) 100vw, 838px\" \/><\/a>\n\t\t\t<\/dt><\/dl><br style=\"clear: both\" \/><dl class='gallery-item'>\n\t\t\t<dt class='gallery-icon landscape'>\n\t\t\t\t<a data-elementor-open-lightbox=\"yes\" data-elementor-lightbox-slideshow=\"4ebcad9\" data-elementor-lightbox-title=\"Exposicion\" data-e-action-hash=\"#elementor-action%3Aaction%3Dlightbox%26settings%3DeyJpZCI6Mjc4LCJ1cmwiOiJodHRwczpcL1wvc3ZhcmVhLmNvbVwvd3AtY29udGVudFwvdXBsb2Fkc1wvMjAyMlwvMDRcL0V4cG9zaWNpb24uanBnIiwic2xpZGVzaG93IjoiNGViY2FkOSJ9\" href='https:\/\/svarea.com\/wp-content\/uploads\/2022\/04\/Exposicion.jpg'><img width=\"2200\" height=\"800\" src=\"https:\/\/svarea.com\/wp-content\/uploads\/2022\/04\/Exposicion.jpg\" class=\"attachment-full size-full\" alt=\"\" decoding=\"async\" loading=\"lazy\" srcset=\"https:\/\/svarea.com\/wp-content\/uploads\/2022\/04\/Exposicion.jpg 2200w, https:\/\/svarea.com\/wp-content\/uploads\/2022\/04\/Exposicion-300x109.jpg 300w, https:\/\/svarea.com\/wp-content\/uploads\/2022\/04\/Exposicion-1024x372.jpg 1024w, https:\/\/svarea.com\/wp-content\/uploads\/2022\/04\/Exposicion-768x279.jpg 768w, https:\/\/svarea.com\/wp-content\/uploads\/2022\/04\/Exposicion-1536x559.jpg 1536w, https:\/\/svarea.com\/wp-content\/uploads\/2022\/04\/Exposicion-2048x745.jpg 2048w\" sizes=\"(max-width: 2200px) 100vw, 2200px\" \/><\/a>\n\t\t\t<\/dt><\/dl><br style=\"clear: both\" \/>\n\t\t<\/div>\n\t\t<\/div>\n\t\t\t\t<\/div>\n\t\t\t\t<\/div>\n\t\t\t\t\t<\/div>\n\t\t<\/div>\n\t\t\t\t\t\t\t<\/div>\n\t\t<\/section>\n\t\t\t\t\t\t\t<\/div>\n\t\t","protected":false},"excerpt":{"rendered":"<p>Rehabilitaci\u00f3n El Teular Trabajo acad\u00e9mico 2019. El teular siempre ha sido un punto de referencia dentro del paisaje de Castalla, alej\u00e1ndose de la ya conocida vista del castillo para girar la mirada hacia el valle que se completa con las poblaciones de Ibi y Onil. El proyecto trata m\u00e1s de interpretar que de reconstruir, intentando [&hellip;]<\/p>\n","protected":false},"author":2,"featured_media":0,"parent":0,"menu_order":0,"comment_status":"closed","ping_status":"closed","template":"","meta":{"footnotes":""},"_links":{"self":[{"href":"https:\/\/svarea.com\/index.php?rest_route=\/wp\/v2\/pages\/250"}],"collection":[{"href":"https:\/\/svarea.com\/index.php?rest_route=\/wp\/v2\/pages"}],"about":[{"href":"https:\/\/svarea.com\/index.php?rest_route=\/wp\/v2\/types\/page"}],"author":[{"embeddable":true,"href":"https:\/\/svarea.com\/index.php?rest_route=\/wp\/v2\/users\/2"}],"replies":[{"embeddable":true,"href":"https:\/\/svarea.com\/index.php?rest_route=%2Fwp%2Fv2%2Fcomments&post=250"}],"version-history":[{"count":16,"href":"https:\/\/svarea.com\/index.php?rest_route=\/wp\/v2\/pages\/250\/revisions"}],"predecessor-version":[{"id":543,"href":"https:\/\/svarea.com\/index.php?rest_route=\/wp\/v2\/pages\/250\/revisions\/543"}],"wp:attachment":[{"href":"https:\/\/svarea.com\/index.php?rest_route=%2Fwp%2Fv2%2Fmedia&parent=250"}],"curies":[{"name":"wp","href":"https:\/\/api.w.org\/{rel}","templated":true}]}}